{"id":339,"date":"2025-04-01T17:13:11","date_gmt":"2025-04-01T17:13:11","guid":{"rendered":"https:\/\/amarawasi.com\/?page_id=339"},"modified":"2025-07-01T14:58:23","modified_gmt":"2025-07-01T14:58:23","slug":"contactanos","status":"publish","type":"page","link":"https:\/\/amarawasi.com\/index.php\/contactanos\/","title":{"rendered":"Cont\u00e1ctanos"},"content":{"rendered":"\t\t<div data-elementor-type=\"wp-page\" data-elementor-id=\"339\" class=\"elementor elementor-339\" data-elementor-post-type=\"page\">\n\t\t\t\t\t\t<section class=\"elementor-section elementor-top-section elementor-element elementor-element-35e8b051 elementor-section-height-min-height elementor-section-content-top elementor-reverse-mobile elementor-section-items-stretch elementor-section-boxed elementor-section-height-default\" data-id=\"35e8b051\" data-element_type=\"section\" data-e-type=\"section\" data-settings=\"{&quot;background_background&quot;:&quot;classic&quot;}\">\n\t\t\t\t\t\t\t<div class=\"elementor-background-overlay\"><\/div>\n\t\t\t\t\t\t\t<div class=\"elementor-container elementor-column-gap-no\">\n\t\t\t\t\t<div class=\"elementor-column elementor-col-100 elementor-top-column elementor-element elementor-element-2aff5992\" data-id=\"2aff5992\" data-element_type=\"column\" data-e-type=\"column\">\n\t\t\t<div class=\"elementor-widget-wrap elementor-element-populated\">\n\t\t\t\t\t\t<div class=\"elementor-element elementor-element-6ca399e3 elementor-widget elementor-widget-spacer\" data-id=\"6ca399e3\" data-element_type=\"widget\" data-e-type=\"widget\" data-widget_type=\"spacer.default\">\n\t\t\t\t<div class=\"elementor-widget-container\">\n\t\t\t\t\t\t\t<div class=\"elementor-spacer\">\n\t\t\t<div class=\"elementor-spacer-inner\"><\/div>\n\t\t<\/div>\n\t\t\t\t\t\t<\/div>\n\t\t\t\t<\/div>\n\t\t\t\t<div class=\"elementor-element elementor-element-5eb77310 elementor-widget elementor-widget-image\" data-id=\"5eb77310\" data-element_type=\"widget\" data-e-type=\"widget\" data-widget_type=\"image.default\">\n\t\t\t\t<div class=\"elementor-widget-container\">\n\t\t\t\t\t\t\t\t\t\t\t\t\t\t\t<img fetchpriority=\"high\" decoding=\"async\" width=\"215\" height=\"300\" src=\"https:\/\/amarawasi.com\/wp-content\/uploads\/2025\/03\/leaf-logo-teal-215x300.webp\" class=\"attachment-medium size-medium wp-image-237\" alt=\"\" srcset=\"https:\/\/amarawasi.com\/wp-content\/uploads\/2025\/03\/leaf-logo-teal-215x300.webp 215w, https:\/\/amarawasi.com\/wp-content\/uploads\/2025\/03\/leaf-logo-teal.png 500w\" sizes=\"(max-width: 215px) 100vw, 215px\" \/>\t\t\t\t\t\t\t\t\t\t\t\t\t\t\t<\/div>\n\t\t\t\t<\/div>\n\t\t\t\t<div class=\"elementor-element elementor-element-78fc1092 elementor-widget elementor-widget-heading\" data-id=\"78fc1092\" data-element_type=\"widget\" data-e-type=\"widget\" data-widget_type=\"heading.default\">\n\t\t\t\t<div class=\"elementor-widget-container\">\n\t\t\t\t\t<h2 class=\"elementor-heading-title elementor-size-default\">mant\u00e9n el<\/h2>\t\t\t\t<\/div>\n\t\t\t\t<\/div>\n\t\t\t\t<div class=\"elementor-element elementor-element-49368162 elementor-widget elementor-widget-heading\" data-id=\"49368162\" data-element_type=\"widget\" data-e-type=\"widget\" data-widget_type=\"heading.default\">\n\t\t\t\t<div class=\"elementor-widget-container\">\n\t\t\t\t\t<h2 class=\"elementor-heading-title elementor-size-default\">contacto<\/h2>\t\t\t\t<\/div>\n\t\t\t\t<\/div>\n\t\t\t\t\t<\/div>\n\t\t<\/div>\n\t\t\t\t\t<\/div>\n\t\t<\/section>\n\t\t\t\t<section class=\"elementor-section elementor-top-section elementor-element elementor-element-51d1f315 elementor-section-boxed elementor-section-height-default elementor-section-height-default\" data-id=\"51d1f315\" data-element_type=\"section\" data-e-type=\"section\" data-settings=\"{&quot;background_background&quot;:&quot;classic&quot;}\">\n\t\t\t\t\t\t\t<div class=\"elementor-background-overlay\"><\/div>\n\t\t\t\t\t\t\t<div class=\"elementor-container elementor-column-gap-default\">\n\t\t\t\t\t<div class=\"elementor-column elementor-col-100 elementor-top-column elementor-element elementor-element-6bd96106\" data-id=\"6bd96106\" data-element_type=\"column\" data-e-type=\"column\">\n\t\t\t<div class=\"elementor-widget-wrap elementor-element-populated\">\n\t\t\t\t\t\t<div class=\"elementor-element elementor-element-4c3ee787 elementor-widget elementor-widget-heading\" data-id=\"4c3ee787\" data-element_type=\"widget\" data-e-type=\"widget\" data-widget_type=\"heading.default\">\n\t\t\t\t<div class=\"elementor-widget-container\">\n\t\t\t\t\t<h3 class=\"elementor-heading-title elementor-size-default\">El contacto con otro ser humano es el comienzo de todo conocimiento.<\/h3>\t\t\t\t<\/div>\n\t\t\t\t<\/div>\n\t\t\t\t<div class=\"elementor-element elementor-element-7b0bd6aa elementor-widget elementor-widget-text-editor\" data-id=\"7b0bd6aa\" data-element_type=\"widget\" data-e-type=\"widget\" data-widget_type=\"text-editor.default\">\n\t\t\t\t<div class=\"elementor-widget-container\">\n\t\t\t\t\t\t\t\t\t<p>Ralph Waldo Emerson<\/p>\t\t\t\t\t\t\t\t<\/div>\n\t\t\t\t<\/div>\n\t\t\t\t\t<\/div>\n\t\t<\/div>\n\t\t\t\t\t<\/div>\n\t\t<\/section>\n\t\t\t\t<section class=\"elementor-section elementor-top-section elementor-element elementor-element-532c3877 elementor-section-content-middle elementor-section-full_width elementor-section-height-min-height elementor-section-items-stretch elementor-section-height-default\" data-id=\"532c3877\" data-element_type=\"section\" data-e-type=\"section\">\n\t\t\t\t\t\t<div class=\"elementor-container elementor-column-gap-no\">\n\t\t\t\t\t<div class=\"elementor-column elementor-col-50 elementor-top-column elementor-element elementor-element-247568ec\" data-id=\"247568ec\" data-element_type=\"column\" data-e-type=\"column\" data-settings=\"{&quot;background_background&quot;:&quot;classic&quot;}\">\n\t\t\t<div class=\"elementor-widget-wrap elementor-element-populated\">\n\t\t\t\t\t<div class=\"elementor-background-overlay\"><\/div>\n\t\t\t\t\t\t<div class=\"elementor-element elementor-element-7fffe312 elementor-widget elementor-widget-spacer\" data-id=\"7fffe312\" data-element_type=\"widget\" data-e-type=\"widget\" data-widget_type=\"spacer.default\">\n\t\t\t\t<div class=\"elementor-widget-container\">\n\t\t\t\t\t\t\t<div class=\"elementor-spacer\">\n\t\t\t<div class=\"elementor-spacer-inner\"><\/div>\n\t\t<\/div>\n\t\t\t\t\t\t<\/div>\n\t\t\t\t<\/div>\n\t\t\t\t\t<\/div>\n\t\t<\/div>\n\t\t\t\t<div class=\"elementor-column elementor-col-50 elementor-top-column elementor-element elementor-element-72e8dbd0\" data-id=\"72e8dbd0\" data-element_type=\"column\" data-e-type=\"column\">\n\t\t\t<div class=\"elementor-widget-wrap elementor-element-populated\">\n\t\t\t\t\t\t<div class=\"elementor-element elementor-element-488922cd elementor-widget__width-initial elementor-widget elementor-widget-text-editor\" data-id=\"488922cd\" data-element_type=\"widget\" data-e-type=\"widget\" data-widget_type=\"text-editor.default\">\n\t\t\t\t<div class=\"elementor-widget-container\">\n\t\t\t\t\t\t\t\t\t<p>No importa d\u00f3nde, o en qu\u00e9 momento, puedes acudir a nosotros para poder apoyarte. Eres importante para nosotros.<\/p>\t\t\t\t\t\t\t\t<\/div>\n\t\t\t\t<\/div>\n\t\t\t\t<div class=\"elementor-element elementor-element-4d4f5bcd elementor-widget-divider--view-line elementor-widget elementor-widget-divider\" data-id=\"4d4f5bcd\" data-element_type=\"widget\" data-e-type=\"widget\" data-widget_type=\"divider.default\">\n\t\t\t\t<div class=\"elementor-widget-container\">\n\t\t\t\t\t\t\t<div class=\"elementor-divider\">\n\t\t\t<span class=\"elementor-divider-separator\">\n\t\t\t\t\t\t<\/span>\n\t\t<\/div>\n\t\t\t\t\t\t<\/div>\n\t\t\t\t<\/div>\n\t\t\t\t<div class=\"elementor-element elementor-element-14f3346 elementor-button-align-stretch elementor-widget elementor-widget-form\" data-id=\"14f3346\" data-element_type=\"widget\" data-e-type=\"widget\" data-settings=\"{&quot;step_next_label&quot;:&quot;Siguiente&quot;,&quot;step_previous_label&quot;:&quot;Anterior&quot;,&quot;button_width&quot;:&quot;100&quot;,&quot;step_type&quot;:&quot;number_text&quot;,&quot;step_icon_shape&quot;:&quot;circle&quot;}\" data-widget_type=\"form.default\">\n\t\t\t\t<div class=\"elementor-widget-container\">\n\t\t\t\t\t\t\t<form class=\"elementor-form\" method=\"post\" name=\"Nuevo formulario\">\n\t\t\t<input type=\"hidden\" name=\"post_id\" value=\"339\"\/>\n\t\t\t<input type=\"hidden\" name=\"form_id\" value=\"14f3346\"\/>\n\t\t\t<input type=\"hidden\" name=\"referer_title\" value=\"Cont\u00e1ctanos - Amara Wasi\" \/>\n\n\t\t\t\t\t\t\t<input type=\"hidden\" name=\"queried_id\" value=\"339\"\/>\n\t\t\t\n\t\t\t<div class=\"elementor-form-fields-wrapper elementor-labels-above\">\n\t\t\t\t\t\t\t\t<div class=\"elementor-field-type-text elementor-field-group elementor-column elementor-field-group-field_6a904f1 elementor-col-100\">\n\t\t\t\t\t\t\t\t\t\t\t\t<label for=\"form-field-field_6a904f1\" class=\"elementor-field-label\">\n\t\t\t\t\t\t\t\tNombre\t\t\t\t\t\t\t<\/label>\n\t\t\t\t\t\t\t\t\t\t\t\t\t\t<input size=\"1\" type=\"text\" name=\"form_fields[field_6a904f1]\" id=\"form-field-field_6a904f1\" class=\"elementor-field elementor-size-sm  elementor-field-textual\" placeholder=\"Nombre\">\n\t\t\t\t\t\t\t\t\t\t\t<\/div>\n\t\t\t\t\t\t\t\t<div class=\"elementor-field-type-email elementor-field-group elementor-column elementor-field-group-email elementor-col-100 elementor-field-required\">\n\t\t\t\t\t\t\t\t\t\t\t\t<label for=\"form-field-email\" class=\"elementor-field-label\">\n\t\t\t\t\t\t\t\tCorreo electr\u00f3nico\t\t\t\t\t\t\t<\/label>\n\t\t\t\t\t\t\t\t\t\t\t\t\t\t<input size=\"1\" type=\"email\" name=\"form_fields[email]\" id=\"form-field-email\" class=\"elementor-field elementor-size-sm  elementor-field-textual\" placeholder=\"Correo electr\u00f3nico\" required=\"required\">\n\t\t\t\t\t\t\t\t\t\t\t<\/div>\n\t\t\t\t\t\t\t\t<div class=\"elementor-field-type-text elementor-field-group elementor-column elementor-field-group-field_8657fd5 elementor-col-100 elementor-field-required\">\n\t\t\t\t\t\t\t\t\t\t\t\t<label for=\"form-field-field_8657fd5\" class=\"elementor-field-label\">\n\t\t\t\t\t\t\t\tCelular\t\t\t\t\t\t\t<\/label>\n\t\t\t\t\t\t\t\t\t\t\t\t\t\t<input size=\"1\" type=\"text\" name=\"form_fields[field_8657fd5]\" id=\"form-field-field_8657fd5\" class=\"elementor-field elementor-size-sm  elementor-field-textual\" placeholder=\"N\u00famero de celular\" required=\"required\">\n\t\t\t\t\t\t\t\t\t\t\t<\/div>\n\t\t\t\t\t\t\t\t<div class=\"elementor-field-type-textarea elementor-field-group elementor-column elementor-field-group-message elementor-col-100\">\n\t\t\t\t\t\t\t\t\t\t\t\t<label for=\"form-field-message\" class=\"elementor-field-label\">\n\t\t\t\t\t\t\t\tMensaje\t\t\t\t\t\t\t<\/label>\n\t\t\t\t\t\t<textarea class=\"elementor-field-textual elementor-field  elementor-size-sm\" name=\"form_fields[message]\" id=\"form-field-message\" rows=\"4\" placeholder=\"Mensaje\"><\/textarea>\t\t\t\t<\/div>\n\t\t\t\t\t\t\t\t<div class=\"elementor-field-group elementor-column elementor-field-type-submit elementor-col-100 e-form__buttons\">\n\t\t\t\t\t<button class=\"elementor-button elementor-size-xs\" type=\"submit\">\n\t\t\t\t\t\t<span class=\"elementor-button-content-wrapper\">\n\t\t\t\t\t\t\t\t\t\t\t\t\t\t\t\t\t\t\t\t\t\t<span class=\"elementor-button-text\">Enviar<\/span>\n\t\t\t\t\t\t\t\t\t\t\t\t\t<\/span>\n\t\t\t\t\t<\/button>\n\t\t\t\t<\/div>\n\t\t\t<\/div>\n\t\t<\/form>\n\t\t\t\t\t\t<\/div>\n\t\t\t\t<\/div>\n\t\t\t\t<div class=\"elementor-element elementor-element-4d30dd07 elementor-widget-divider--view-line elementor-widget elementor-widget-divider\" data-id=\"4d30dd07\" data-element_type=\"widget\" data-e-type=\"widget\" data-widget_type=\"divider.default\">\n\t\t\t\t<div class=\"elementor-widget-container\">\n\t\t\t\t\t\t\t<div class=\"elementor-divider\">\n\t\t\t<span class=\"elementor-divider-separator\">\n\t\t\t\t\t\t<\/span>\n\t\t<\/div>\n\t\t\t\t\t\t<\/div>\n\t\t\t\t<\/div>\n\t\t\t\t\t<\/div>\n\t\t<\/div>\n\t\t\t\t\t<\/div>\n\t\t<\/section>\n\t\t\t\t<\/div>\n\t\t","protected":false},"excerpt":{"rendered":"<p>mant\u00e9n el contacto El contacto con otro ser humano es el comienzo de todo conocimiento. Ralph Waldo Emerson No importa d\u00f3nde, o en qu\u00e9 momento,&hellip;<\/p>\n","protected":false},"author":1,"featured_media":0,"parent":0,"menu_order":0,"comment_status":"closed","ping_status":"closed","template":"","meta":{"footnotes":""},"class_list":["post-339","page","type-page","status-publish","hentry"],"yoast_head":"<!-- This site is optimized with the Yoast SEO plugin v27.4 - https:\/\/yoast.com\/product\/yoast-seo-wordpress\/ -->\n<title>Cont\u00e1ctanos - Amara Wasi<\/title>\n<meta name=\"robots\" content=\"index, follow, max-snippet:-1, max-image-preview:large, max-video-preview:-1\" \/>\n<link rel=\"canonical\" href=\"https:\/\/amarawasi.com\/index.php\/contactanos\/\" \/>\n<meta property=\"og:locale\" content=\"es_ES\" \/>\n<meta property=\"og:type\" content=\"article\" \/>\n<meta property=\"og:title\" content=\"Cont\u00e1ctanos - Amara Wasi\" \/>\n<meta property=\"og:description\" content=\"mant\u00e9n el contacto El contacto con otro ser humano es el comienzo de todo conocimiento. Ralph Waldo Emerson No importa d\u00f3nde, o en qu\u00e9 momento,&hellip;\" \/>\n<meta property=\"og:url\" content=\"https:\/\/amarawasi.com\/index.php\/contactanos\/\" \/>\n<meta property=\"og:site_name\" content=\"Amara Wasi\" \/>\n<meta property=\"article:publisher\" content=\"https:\/\/www.facebook.com\/profile.php?id=61574009833388\" \/>\n<meta property=\"article:modified_time\" content=\"2025-07-01T14:58:23+00:00\" \/>\n<meta property=\"og:image\" content=\"https:\/\/amarawasi.com\/wp-content\/uploads\/2025\/03\/leaf-logo-teal.png\" \/>\n\t<meta property=\"og:image:width\" content=\"500\" \/>\n\t<meta property=\"og:image:height\" content=\"698\" \/>\n\t<meta property=\"og:image:type\" content=\"image\/webp\" \/>\n<meta name=\"twitter:card\" content=\"summary_large_image\" \/>\n<meta name=\"twitter:label1\" content=\"Tiempo de lectura\" \/>\n\t<meta name=\"twitter:data1\" content=\"1 minuto\" \/>\n<script type=\"application\/ld+json\" class=\"yoast-schema-graph\">{\"@context\":\"https:\\\/\\\/schema.org\",\"@graph\":[{\"@type\":\"WebPage\",\"@id\":\"https:\\\/\\\/amarawasi.com\\\/index.php\\\/contactanos\\\/\",\"url\":\"https:\\\/\\\/amarawasi.com\\\/index.php\\\/contactanos\\\/\",\"name\":\"Cont\u00e1ctanos - Amara Wasi\",\"isPartOf\":{\"@id\":\"https:\\\/\\\/amarawasi.com\\\/#website\"},\"primaryImageOfPage\":{\"@id\":\"https:\\\/\\\/amarawasi.com\\\/index.php\\\/contactanos\\\/#primaryimage\"},\"image\":{\"@id\":\"https:\\\/\\\/amarawasi.com\\\/index.php\\\/contactanos\\\/#primaryimage\"},\"thumbnailUrl\":\"https:\\\/\\\/amarawasi.com\\\/wp-content\\\/uploads\\\/2025\\\/03\\\/leaf-logo-teal-215x300.webp\",\"datePublished\":\"2025-04-01T17:13:11+00:00\",\"dateModified\":\"2025-07-01T14:58:23+00:00\",\"breadcrumb\":{\"@id\":\"https:\\\/\\\/amarawasi.com\\\/index.php\\\/contactanos\\\/#breadcrumb\"},\"inLanguage\":\"es\",\"potentialAction\":[{\"@type\":\"ReadAction\",\"target\":[\"https:\\\/\\\/amarawasi.com\\\/index.php\\\/contactanos\\\/\"]}]},{\"@type\":\"ImageObject\",\"inLanguage\":\"es\",\"@id\":\"https:\\\/\\\/amarawasi.com\\\/index.php\\\/contactanos\\\/#primaryimage\",\"url\":\"https:\\\/\\\/amarawasi.com\\\/wp-content\\\/uploads\\\/2025\\\/03\\\/leaf-logo-teal.png\",\"contentUrl\":\"https:\\\/\\\/amarawasi.com\\\/wp-content\\\/uploads\\\/2025\\\/03\\\/leaf-logo-teal.png\",\"width\":500,\"height\":698},{\"@type\":\"BreadcrumbList\",\"@id\":\"https:\\\/\\\/amarawasi.com\\\/index.php\\\/contactanos\\\/#breadcrumb\",\"itemListElement\":[{\"@type\":\"ListItem\",\"position\":1,\"name\":\"Portada\",\"item\":\"https:\\\/\\\/amarawasi.com\\\/\"},{\"@type\":\"ListItem\",\"position\":2,\"name\":\"Cont\u00e1ctanos\"}]},{\"@type\":\"WebSite\",\"@id\":\"https:\\\/\\\/amarawasi.com\\\/#website\",\"url\":\"https:\\\/\\\/amarawasi.com\\\/\",\"name\":\"Amara Wasi\",\"description\":\"Bienestar, Crecimiento,Transformaci\u00f3n.\",\"publisher\":{\"@id\":\"https:\\\/\\\/amarawasi.com\\\/#organization\"},\"potentialAction\":[{\"@type\":\"SearchAction\",\"target\":{\"@type\":\"EntryPoint\",\"urlTemplate\":\"https:\\\/\\\/amarawasi.com\\\/?s={search_term_string}\"},\"query-input\":{\"@type\":\"PropertyValueSpecification\",\"valueRequired\":true,\"valueName\":\"search_term_string\"}}],\"inLanguage\":\"es\"},{\"@type\":\"Organization\",\"@id\":\"https:\\\/\\\/amarawasi.com\\\/#organization\",\"name\":\"Amara Wasi\",\"url\":\"https:\\\/\\\/amarawasi.com\\\/\",\"logo\":{\"@type\":\"ImageObject\",\"inLanguage\":\"es\",\"@id\":\"https:\\\/\\\/amarawasi.com\\\/#\\\/schema\\\/logo\\\/image\\\/\",\"url\":\"https:\\\/\\\/amarawasi.com\\\/wp-content\\\/uploads\\\/2025\\\/03\\\/logo-500.png\",\"contentUrl\":\"https:\\\/\\\/amarawasi.com\\\/wp-content\\\/uploads\\\/2025\\\/03\\\/logo-500.png\",\"width\":500,\"height\":550,\"caption\":\"Amara Wasi\"},\"image\":{\"@id\":\"https:\\\/\\\/amarawasi.com\\\/#\\\/schema\\\/logo\\\/image\\\/\"},\"sameAs\":[\"https:\\\/\\\/www.facebook.com\\\/profile.php?id=61574009833388\",\"https:\\\/\\\/www.instagram.com\\\/amarawasi\\\/\"]}]}<\/script>\n<!-- \/ Yoast SEO plugin. -->","yoast_head_json":{"title":"Cont\u00e1ctanos - Amara Wasi","robots":{"index":"index","follow":"follow","max-snippet":"max-snippet:-1","max-image-preview":"max-image-preview:large","max-video-preview":"max-video-preview:-1"},"canonical":"https:\/\/amarawasi.com\/index.php\/contactanos\/","og_locale":"es_ES","og_type":"article","og_title":"Cont\u00e1ctanos - Amara Wasi","og_description":"mant\u00e9n el contacto El contacto con otro ser humano es el comienzo de todo conocimiento. Ralph Waldo Emerson No importa d\u00f3nde, o en qu\u00e9 momento,&hellip;","og_url":"https:\/\/amarawasi.com\/index.php\/contactanos\/","og_site_name":"Amara Wasi","article_publisher":"https:\/\/www.facebook.com\/profile.php?id=61574009833388","article_modified_time":"2025-07-01T14:58:23+00:00","og_image":[{"width":500,"height":698,"url":"https:\/\/amarawasi.com\/wp-content\/uploads\/2025\/03\/leaf-logo-teal.png","type":"image\/webp"}],"twitter_card":"summary_large_image","twitter_misc":{"Tiempo de lectura":"1 minuto"},"schema":{"@context":"https:\/\/schema.org","@graph":[{"@type":"WebPage","@id":"https:\/\/amarawasi.com\/index.php\/contactanos\/","url":"https:\/\/amarawasi.com\/index.php\/contactanos\/","name":"Cont\u00e1ctanos - Amara Wasi","isPartOf":{"@id":"https:\/\/amarawasi.com\/#website"},"primaryImageOfPage":{"@id":"https:\/\/amarawasi.com\/index.php\/contactanos\/#primaryimage"},"image":{"@id":"https:\/\/amarawasi.com\/index.php\/contactanos\/#primaryimage"},"thumbnailUrl":"https:\/\/amarawasi.com\/wp-content\/uploads\/2025\/03\/leaf-logo-teal-215x300.webp","datePublished":"2025-04-01T17:13:11+00:00","dateModified":"2025-07-01T14:58:23+00:00","breadcrumb":{"@id":"https:\/\/amarawasi.com\/index.php\/contactanos\/#breadcrumb"},"inLanguage":"es","potentialAction":[{"@type":"ReadAction","target":["https:\/\/amarawasi.com\/index.php\/contactanos\/"]}]},{"@type":"ImageObject","inLanguage":"es","@id":"https:\/\/amarawasi.com\/index.php\/contactanos\/#primaryimage","url":"https:\/\/amarawasi.com\/wp-content\/uploads\/2025\/03\/leaf-logo-teal.png","contentUrl":"https:\/\/amarawasi.com\/wp-content\/uploads\/2025\/03\/leaf-logo-teal.png","width":500,"height":698},{"@type":"BreadcrumbList","@id":"https:\/\/amarawasi.com\/index.php\/contactanos\/#breadcrumb","itemListElement":[{"@type":"ListItem","position":1,"name":"Portada","item":"https:\/\/amarawasi.com\/"},{"@type":"ListItem","position":2,"name":"Cont\u00e1ctanos"}]},{"@type":"WebSite","@id":"https:\/\/amarawasi.com\/#website","url":"https:\/\/amarawasi.com\/","name":"Amara Wasi","description":"Bienestar, Crecimiento,Transformaci\u00f3n.","publisher":{"@id":"https:\/\/amarawasi.com\/#organization"},"potentialAction":[{"@type":"SearchAction","target":{"@type":"EntryPoint","urlTemplate":"https:\/\/amarawasi.com\/?s={search_term_string}"},"query-input":{"@type":"PropertyValueSpecification","valueRequired":true,"valueName":"search_term_string"}}],"inLanguage":"es"},{"@type":"Organization","@id":"https:\/\/amarawasi.com\/#organization","name":"Amara Wasi","url":"https:\/\/amarawasi.com\/","logo":{"@type":"ImageObject","inLanguage":"es","@id":"https:\/\/amarawasi.com\/#\/schema\/logo\/image\/","url":"https:\/\/amarawasi.com\/wp-content\/uploads\/2025\/03\/logo-500.png","contentUrl":"https:\/\/amarawasi.com\/wp-content\/uploads\/2025\/03\/logo-500.png","width":500,"height":550,"caption":"Amara Wasi"},"image":{"@id":"https:\/\/amarawasi.com\/#\/schema\/logo\/image\/"},"sameAs":["https:\/\/www.facebook.com\/profile.php?id=61574009833388","https:\/\/www.instagram.com\/amarawasi\/"]}]}},"_links":{"self":[{"href":"https:\/\/amarawasi.com\/index.php\/wp-json\/wp\/v2\/pages\/339","targetHints":{"allow":["GET"]}}],"collection":[{"href":"https:\/\/amarawasi.com\/index.php\/wp-json\/wp\/v2\/pages"}],"about":[{"href":"https:\/\/amarawasi.com\/index.php\/wp-json\/wp\/v2\/types\/page"}],"author":[{"embeddable":true,"href":"https:\/\/amarawasi.com\/index.php\/wp-json\/wp\/v2\/users\/1"}],"replies":[{"embeddable":true,"href":"https:\/\/amarawasi.com\/index.php\/wp-json\/wp\/v2\/comments?post=339"}],"version-history":[{"count":34,"href":"https:\/\/amarawasi.com\/index.php\/wp-json\/wp\/v2\/pages\/339\/revisions"}],"predecessor-version":[{"id":1063,"href":"https:\/\/amarawasi.com\/index.php\/wp-json\/wp\/v2\/pages\/339\/revisions\/1063"}],"wp:attachment":[{"href":"https:\/\/amarawasi.com\/index.php\/wp-json\/wp\/v2\/media?parent=339"}],"curies":[{"name":"wp","href":"https:\/\/api.w.org\/{rel}","templated":true}]}}